{"id":522,"date":"2020-03-30T06:04:43","date_gmt":"2020-03-30T06:04:43","guid":{"rendered":"https:\/\/dev.carsac.fr\/?page_id=522"},"modified":"2020-04-21T16:08:03","modified_gmt":"2020-04-21T16:08:03","slug":"mentions-legales","status":"publish","type":"page","link":"https:\/\/www.carsac.fr\/index.php\/mentions-legales\/","title":{"rendered":"Mentions L\u00e9gales"},"content":{"rendered":"<p>[et_pb_section fb_built=\u00a0\u00bb1&Prime; _builder_version=\u00a0\u00bb3.19.5&Prime;][et_pb_row custom_padding=\u00a0\u00bb27px|0px|40px|0px|false|false\u00a0\u00bb make_equal=\u00a0\u00bbon\u00a0\u00bb _builder_version=\u00a0\u00bb3.19.5&Prime;][et_pb_column type=\u00a0\u00bb4_4&Prime; _builder_version=\u00a0\u00bb3.19.5&Prime; parallax=\u00a0\u00bboff\u00a0\u00bb parallax_method=\u00a0\u00bbon\u00a0\u00bb][et_pb_image src=\u00a0\u00bbhttps:\/\/www.carsac.fr\/wp-content\/uploads\/2020\/01\/logo_full.png\u00a0\u00bb align=\u00a0\u00bbcenter\u00a0\u00bb _builder_version=\u00a0\u00bb3.19.5&Prime; max_width=\u00a0\u00bb40%\u00a0\u00bb][\/et_pb_image][\/et_pb_column][\/et_pb_row][et_pb_row _builder_version=\u00a0\u00bb3.19.5&Prime;][et_pb_column type=\u00a0\u00bb4_4&Prime; _builder_version=\u00a0\u00bb3.19.5&Prime; parallax=\u00a0\u00bboff\u00a0\u00bb parallax_method=\u00a0\u00bbon\u00a0\u00bb][et_pb_post_title meta=\u00a0\u00bboff\u00a0\u00bb featured_image=\u00a0\u00bboff\u00a0\u00bb _builder_version=\u00a0\u00bb3.19.5&Prime; title_font=\u00a0\u00bb||||||||\u00a0\u00bb title_text_align=\u00a0\u00bbleft\u00a0\u00bb title_font_size=\u00a0\u00bb30px\u00a0\u00bb title_font_size_tablet=\u00a0\u00bb25px\u00a0\u00bb title_font_size_last_edited=\u00a0\u00bbon|phone\u00a0\u00bb][\/et_pb_post_title][et_pb_divider divider_weight=\u00a0\u00bb3px\u00a0\u00bb _builder_version=\u00a0\u00bb3.19.5&Prime; max_width=\u00a0\u00bb20%\u00a0\u00bb module_alignment=\u00a0\u00bbleft\u00a0\u00bb custom_margin=\u00a0\u00bb||50px\u00a0\u00bb][\/et_pb_divider][et_pb_text _builder_version=\u00a0\u00bb3.19.5&Prime;]<\/p>\n<h2><strong>Propri\u00e9taire<\/strong><\/h2>\n<p>[\/et_pb_text][et_pb_text _builder_version=\u00a0\u00bb3.19.5&Prime;]<\/p>\n<p>SCAV VIGNOBLES DE CARSAC<\/p>\n<p>380 All\u00e9e Vend\u00e9miaire<\/p>\n<p>11570 CAVANAC<\/p>\n<p>FRANCE<\/p>\n<p>&nbsp;<\/p>\n<p>SIREN : 77578789800011<\/p>\n<p>N\u00b0 TVA intra communautaire : FR.094490E0502<\/p>\n<p>[\/et_pb_text][et_pb_text _builder_version=\u00a0\u00bb3.19.5&Prime; custom_margin=\u00a0\u00bb30px||\u00a0\u00bb]<\/p>\n<h2><strong>Responsable de la publication<\/strong><\/h2>\n<p>[\/et_pb_text][et_pb_text _builder_version=\u00a0\u00bb3.19.5&Prime;]<\/p>\n<p><span>Pr\u00e9sident : Mr DEPAULE Oliver<\/span><br \/> <span>Direction : Mr MAUREL Laurent<\/span><\/p>\n<p>[\/et_pb_text][et_pb_text _builder_version=\u00a0\u00bb3.19.5&Prime; custom_margin=\u00a0\u00bb30px||\u00a0\u00bb]<\/p>\n<h2><strong>H\u00e9bergement<\/strong><\/h2>\n<p>[\/et_pb_text][et_pb_text _builder_version=\u00a0\u00bb3.19.5&Prime;]<\/p>\n<p><span>Ataraxie<\/span><br \/> <span>80, All\u00e9e I\u00e9na<\/span><br \/> <span>11000 Carcassonne<\/span><br \/> <span>France<\/span><br \/> <a href=\"tel:+33468114628\">04.68.11.46.28<\/a><br \/> <a href=\"http:\/\/www.ataraxie.fr\/\" target=\"_blank\" rel=\"noopener noreferrer\">www.ataraxie.fr<\/a><\/p>\n<p>[\/et_pb_text][et_pb_text _builder_version=\u00a0\u00bb3.19.5&Prime; custom_margin=\u00a0\u00bb30px||\u00a0\u00bb]<\/p>\n<h2><strong>R\u00e9alisation<\/strong><\/h2>\n<p>[\/et_pb_text][et_pb_text _builder_version=\u00a0\u00bb3.19.5&Prime; text_font=\u00a0\u00bb||||||||\u00a0\u00bb text_line_height=\u00a0\u00bb1em\u00a0\u00bb]<\/p>\n<p>DAVID REINA CR\u00c9ATIONS<\/p>\n<p><a href=\"https:\/\/davidreina.fr\" target=\"_blank\" rel=\"noopener noreferrer\">https:\/\/davidreina.fr<\/a><\/p>\n<p><a href=\"mailto:contact@davidreina.fr\">contact@davidreina.fr<\/a><\/p>\n<p><a href=\"tel:+33683777702\">06 83 77 77 02\u00a0<\/a><\/p>\n<p>[\/et_pb_text][et_pb_text _builder_version=\u00a0\u00bb3.19.5&Prime; header_font=\u00a0\u00bb||||||||\u00a0\u00bb header_2_font=\u00a0\u00bb|700|||||||\u00a0\u00bb custom_margin=\u00a0\u00bb30px||\u00a0\u00bb]<\/p>\n<h2><span>Propri\u00e9t\u00e9 Intellectuelle<\/span><\/h2>\n<p>[\/et_pb_text][et_pb_text _builder_version=\u00a0\u00bb3.19.5&Prime; text_font=\u00a0\u00bb||||||||\u00a0\u00bb text_line_height=\u00a0\u00bb1.5em\u00a0\u00bb header_font=\u00a0\u00bb||||||||\u00a0\u00bb text_orientation=\u00a0\u00bbjustified\u00a0\u00bb]<span>L\u2019acc\u00e8s au site www.casac.fr vous conf\u00e8re un droit d\u2019usage priv\u00e9 et non exclusif de ce site. L\u2019ensemble des \u00e9l\u00e9ments \u00e9dit\u00e9s sur ce site, incluant notamment les textes, photographies, infographies, logos, marques\u2026 constituent des \u0153uvres au sens du code de la Propri\u00e9t\u00e9 Intellectuelle. En cons\u00e9quence, toute repr\u00e9sentation ou reproduction, int\u00e9grale ou partielle, qui pourrait \u00eatre faite sans le consentement de leurs auteurs ou de leurs ayants droit, est illicite. Tout lien hypertexte renvoyant vers notre site devra faire l\u2019objet d\u2019une autorisation sp\u00e9cifique pr\u00e9alable. Pour l\u2019obtenir, vous pouvez envoyer un mail \u00e0\u00a0<\/span><a href=\"mailto:contact@carsac.fr\">contact@carsac.fr<\/a>[\/et_pb_text][et_pb_text _builder_version=\u00a0\u00bb3.19.5&Prime; header_font=\u00a0\u00bb||||||||\u00a0\u00bb header_2_font=\u00a0\u00bb|700|||||||\u00a0\u00bb custom_margin=\u00a0\u00bb30px||\u00a0\u00bb]<\/p>\n<h2><span>Description des services fournis<\/span><\/h2>\n<p>[\/et_pb_text][et_pb_text _builder_version=\u00a0\u00bb3.19.5&Prime; text_font=\u00a0\u00bb||||||||\u00a0\u00bb text_line_height=\u00a0\u00bb1.5em\u00a0\u00bb header_font=\u00a0\u00bb||||||||\u00a0\u00bb text_orientation=\u00a0\u00bbjustified\u00a0\u00bb]<\/p>\n<p>Le site\u00a0<a href=\"http:\/\/www.carsac.fr\">www.carsac.fr<\/a>\u00a0a pour objet de fournir une information concernant l\u2019ensemble des activit\u00e9s de la soci\u00e9t\u00e9.<\/p>\n<p>SCAV VIGNOBLES DE CARSAC s\u2019efforce de fournir sur le site<span> <a href=\"http:\/\/www.carsac.fr\">www.carsac.fr<\/a><\/span><a href=\"https:\/\/www.domainedelasapiniere.com\/\" title=\"Domaine de la Sapini\u00e8re - www.domainedelasapiniere.com\"><\/a><span>\u00a0<\/span>des informations aussi pr\u00e9cises que possible. Toutefois, il ne pourra \u00eatre tenue responsable des omissions, des inexactitudes et des carences dans la mise \u00e0 jour, qu\u2019elles soient de son fait ou du fait des tiers partenaires qui lui fournissent ces informations.<\/p>\n<p>Tous les informations indiqu\u00e9es sur le site<span> <a href=\"http:\/\/www.carsac.fr\">www.carsac.fr<\/a>\u00a0<\/span>sont donn\u00e9es \u00e0 titre indicatif, et sont susceptibles d\u2019\u00e9voluer. Par ailleurs, les renseignements figurant sur le site<span> <a href=\"http:\/\/www.carsac.fr\">www.carsac.fr<\/a>\u00a0<\/span>ne sont pas exhaustifs. Ils sont donn\u00e9s sous r\u00e9serve de modifications ayant \u00e9t\u00e9 apport\u00e9es depuis leur mise en ligne.<\/p>\n<p>[\/et_pb_text][et_pb_text _builder_version=\u00a0\u00bb3.19.5&Prime; header_font=\u00a0\u00bb||||||||\u00a0\u00bb header_2_font=\u00a0\u00bb|700|||||||\u00a0\u00bb custom_margin=\u00a0\u00bb30px||\u00a0\u00bb]<\/p>\n<h2><span>Politique d&rsquo;utilisation des cookies<\/span><\/h2>\n<p>[\/et_pb_text][et_pb_text _builder_version=\u00a0\u00bb3.19.5&Prime; text_font=\u00a0\u00bb||||||||\u00a0\u00bb text_line_height=\u00a0\u00bb1.5em\u00a0\u00bb header_font=\u00a0\u00bb||||||||\u00a0\u00bb text_orientation=\u00a0\u00bbjustified\u00a0\u00bb]<\/p>\n<h4><strong>Qu\u2019est-ce qu\u2019un cookie ?<\/strong><\/h4>\n<p>Un cookie est une information d\u00e9pos\u00e9e, par votre navigateur, sur votre ordinateur (ou p\u00e9riph\u00e9rique portable), \u00e0 la demande des sites (et autres serveurs Web avec lesquels ils interagissent) que vous visitez. Il contient plusieurs donn\u00e9es d\u2019identification et de navigation, stock\u00e9es dans un fichier.<\/p>\n<h4><strong>Les cookies utilis\u00e9s sur notre site<\/strong><\/h4>\n<p><strong>Cookies de mesure d\u2019audience<\/strong><span>\u00a0<\/span>\u00e9mis par Google Analytics : les informations collect\u00e9es gr\u00e2ce \u00e0 ces cookies nous permettent notamment de mesurer le nombre de visites, le parcours et les int\u00e9r\u00eats de nos visiteurs, ainsi que leur fr\u00e9quence de retour. Nous utilisons ces donn\u00e9es afin d\u2019am\u00e9liorer nos contenus. Ces cookies ne permettent pas d\u2019identifier personnellement nos visiteurs.<\/p>\n<h4><strong>Le param\u00e9trage des cookies<\/strong><\/h4>\n<p>En poursuivant votre navigation sur notre site, vous acceptez express\u00e9ment l\u2019utilisation des cookies d\u00e9taill\u00e9s ci-dessus<\/p>\n<p>Vous pouvez cependant choisir de les d\u00e9sactiver \u00e0 tout moment en param\u00e9trant votre navigateur. Les r\u00e8gles de param\u00e9trage des cookies varient selon les navigateurs. Pour conna\u00eetre leur fonctionnement et les personnaliser, rendez-vous dans le menu d\u2019aide de votre navigateur.<\/p>\n<p>Attention : tout param\u00e9trage entrepris sur votre navigateur Web, concernant l\u2019acceptation ou le refus des cookies, sera susceptible de modifier votre navigation sur Internet et sur notre site, ainsi que vos conditions d\u2019acc\u00e8s \u00e0 certains services n\u00e9cessitant l\u2019utilisation de ces m\u00eames cookies.<\/p>\n<p>[\/et_pb_text][\/et_pb_column][\/et_pb_row][\/et_pb_section][et_pb_section fb_built=\u00a0\u00bb1&Prime; _builder_version=\u00a0\u00bb3.19.5&Prime; background_color=\u00a0\u00bb#444444&Prime; use_background_color_gradient=\u00a0\u00bbon\u00a0\u00bb background_color_gradient_start=\u00a0\u00bb#444444&Prime; background_color_gradient_end=\u00a0\u00bb#000000&Prime; global_module=\u00a0\u00bb514&Prime;][et_pb_row _builder_version=\u00a0\u00bb3.19.5&Prime;][et_pb_column type=\u00a0\u00bb1_3&Prime; _builder_version=\u00a0\u00bb3.19.5&Prime; parallax=\u00a0\u00bboff\u00a0\u00bb parallax_method=\u00a0\u00bbon\u00a0\u00bb][et_pb_text _builder_version=\u00a0\u00bb3.19.5&Prime; text_font=\u00a0\u00bb||||||||\u00a0\u00bb text_text_color=\u00a0\u00bb#ffffff\u00a0\u00bb header_font=\u00a0\u00bb||||||||\u00a0\u00bb header_3_font=\u00a0\u00bb||||||||\u00a0\u00bb header_3_text_color=\u00a0\u00bb#ffffff\u00a0\u00bb text_orientation=\u00a0\u00bbcenter\u00a0\u00bb]<\/p>\n<h3>SCAV VIGNOBLES DE CARSAC<\/h3>\n<p><span>380 All\u00e9e Vend\u00e9miaire<\/span><\/p>\n<p><span>11570 CAVANAC<\/span><\/p>\n<p>[\/et_pb_text][\/et_pb_column][et_pb_column type=\u00a0\u00bb1_3&Prime; _builder_version=\u00a0\u00bb3.19.5&Prime; parallax=\u00a0\u00bboff\u00a0\u00bb parallax_method=\u00a0\u00bbon\u00a0\u00bb][et_pb_text _builder_version=\u00a0\u00bb3.19.5&Prime; text_font=\u00a0\u00bb||||||||\u00a0\u00bb text_text_color=\u00a0\u00bb#ffffff\u00a0\u00bb header_font=\u00a0\u00bb||||||||\u00a0\u00bb header_3_font=\u00a0\u00bb||||||||\u00a0\u00bb header_3_text_color=\u00a0\u00bb#ffffff\u00a0\u00bb text_orientation=\u00a0\u00bbcenter\u00a0\u00bb]<\/p>\n<h3>Suivez nous sur :<\/h3>\n<p><span><\/span><\/p>\n<p>[\/et_pb_text][et_pb_social_media_follow _builder_version=\u00a0\u00bb3.19.5&Prime; text_orientation=\u00a0\u00bbcenter\u00a0\u00bb][et_pb_social_media_follow_network social_network=\u00a0\u00bbfacebook\u00a0\u00bb url=\u00a0\u00bbhttps:\/\/www.facebook.com\/vignoblesdecarsac.cave\u00a0\u00bb _builder_version=\u00a0\u00bb3.19.5&Prime; background_color=\u00a0\u00bb#3b5998&Prime; follow_button=\u00a0\u00bboff\u00a0\u00bb url_new_window=\u00a0\u00bbon\u00a0\u00bb]facebook[\/et_pb_social_media_follow_network][\/et_pb_social_media_follow][\/et_pb_column][et_pb_column type=\u00a0\u00bb1_3&Prime; _builder_version=\u00a0\u00bb3.19.5&Prime; parallax=\u00a0\u00bboff\u00a0\u00bb parallax_method=\u00a0\u00bbon\u00a0\u00bb][et_pb_text _builder_version=\u00a0\u00bb3.19.5&Prime; text_font=\u00a0\u00bb||||||||\u00a0\u00bb text_text_color=\u00a0\u00bb#ffffff\u00a0\u00bb header_font=\u00a0\u00bb||||||||\u00a0\u00bb header_3_font=\u00a0\u00bb||||||||\u00a0\u00bb header_3_text_color=\u00a0\u00bb#ffffff\u00a0\u00bb text_orientation=\u00a0\u00bbcenter\u00a0\u00bb]T\u00e9l\u00e9phone :\u00a0<span>00 33 (0)4 68 79 88 21<\/span><\/p>\n<p><span>E-mail : <a href=\"mailto:contact@carsac.fr\">contact@carsac.fr<\/a><\/span>[\/et_pb_text][\/et_pb_column][\/et_pb_row][\/et_pb_section]<\/p>\n","protected":false},"excerpt":{"rendered":"<p>Propri\u00e9taireSCAV VIGNOBLES DE CARSAC 380 All\u00e9e Vend\u00e9miaire 11570 CAVANAC FRANCE &nbsp; SIREN : 77578789800011 N\u00b0 TVA intra communautaire : FR.094490E0502Responsable de la publicationPr\u00e9sident : Mr DEPAULE Oliver Direction : Mr MAUREL LaurentH\u00e9bergementAtaraxie 80, All\u00e9e I\u00e9na 11000 Carcassonne France 04.68.11.46.28 www.ataraxie.frR\u00e9alisationDAVID REINA CR\u00c9ATIONS https:\/\/davidreina.fr contact@davidreina.fr 06 83 77 77 02\u00a0Propri\u00e9t\u00e9 IntellectuelleL\u2019acc\u00e8s au site www.casac.fr vous conf\u00e8re [&hellip;]<\/p>\n","protected":false},"author":1,"featured_media":0,"parent":0,"menu_order":0,"comment_status":"closed","ping_status":"closed","template":"","meta":{"_et_pb_use_builder":"on","_et_pb_old_content":"","_et_gb_content_width":"","_mi_skip_tracking":false},"_links":{"self":[{"href":"https:\/\/www.carsac.fr\/index.php\/wp-json\/wp\/v2\/pages\/522"}],"collection":[{"href":"https:\/\/www.carsac.fr\/index.php\/wp-json\/wp\/v2\/pages"}],"about":[{"href":"https:\/\/www.carsac.fr\/index.php\/wp-json\/wp\/v2\/types\/page"}],"author":[{"embeddable":true,"href":"https:\/\/www.carsac.fr\/index.php\/wp-json\/wp\/v2\/users\/1"}],"replies":[{"embeddable":true,"href":"https:\/\/www.carsac.fr\/index.php\/wp-json\/wp\/v2\/comments?post=522"}],"version-history":[{"count":8,"href":"https:\/\/www.carsac.fr\/index.php\/wp-json\/wp\/v2\/pages\/522\/revisions"}],"predecessor-version":[{"id":751,"href":"https:\/\/www.carsac.fr\/index.php\/wp-json\/wp\/v2\/pages\/522\/revisions\/751"}],"wp:attachment":[{"href":"https:\/\/www.carsac.fr\/index.php\/wp-json\/wp\/v2\/media?parent=522"}],"curies":[{"name":"wp","href":"https:\/\/api.w.org\/{rel}","templated":true}]}}